{"id":1818,"date":"2024-01-15T12:24:07","date_gmt":"2024-01-15T12:24:07","guid":{"rendered":"https:\/\/www.hiba-art.com\/?page_id=1818"},"modified":"2026-04-01T09:35:04","modified_gmt":"2026-04-01T09:35:04","slug":"acrylic-paintings","status":"publish","type":"page","link":"https:\/\/www.hiba-art.com\/","title":{"rendered":"ACCUEIL"},"content":{"rendered":"<h2 class=\"wp-block-heading has-medium-font-size\"><strong>Peintures originales<\/strong><\/h2><div style=\"height:20px\" aria-hidden=\"true\" class=\"wp-block-spacer\"><\/div><p>Peintures originales de style Hard Edge et d\u2019abstraction g\u00e9om\u00e9trique.<\/p><div style=\"height:20px\" aria-hidden=\"true\" class=\"wp-block-spacer\"><\/div><div class=\"wp-block-columns is-layout-flex wp-container-core-columns-is-layout-2 wp-block-columns-is-layout-flex\"><div class=\"wp-block-column is-layout-flow wp-block-column-is-layout-flow\" style=\"flex-basis:100%\"><div class=\"wp-block-columns is-layout-flex wp-container-core-columns-is-layout-1 wp-block-columns-is-layout-flex\"><div class=\"wp-block-column is-layout-flow wp-block-column-is-layout-flow\"><div class=\"wp-block-image\"><figure class=\"aligncenter size-full\"><a href=\"https:\/\/www.hiba-art.com\/index.php\/les-cabanes-sur-pilotis\/\"><img loading=\"lazy\" decoding=\"async\" width=\"2875\" height=\"2875\" src=\"https:\/\/www.hiba-art.com\/wp-content\/uploads\/2026\/03\/1000056435-1.jpg\" alt=\"\" class=\"wp-image-2791\"\/><\/a><figcaption class=\"wp-element-caption\"><em>Les cabanes sur pilotis <\/em><br>Peinture Acrylique sur Toile <br>100 x 100 cm &#8211; 1 100 \u20ac<\/figcaption><\/figure><\/div>\n\n<div class=\"wp-block-image\"><figure class=\"aligncenter size-full\"><a href=\"https:\/\/www.hiba-art.com\/index.php\/une-ville-verte\/\"><img loading=\"lazy\" decoding=\"async\" width=\"3000\" height=\"3000\" src=\"http:\/\/www.hiba-art.com\/wp-content\/uploads\/2025\/09\/1000043814-1.jpg\" alt=\"\" class=\"wp-image-2487\"\/><\/a><figcaption class=\"wp-element-caption\">U<em>ne Ville Verte <\/em><br>Peinture Acrylique sur Toile<br>100 x 100 cm &#8211; 1 250 \u20ac<\/figcaption><\/figure><\/div>\n\n<div class=\"wp-block-image\"><figure class=\"aligncenter size-full\"><a href=\"https:\/\/www.hiba-art.com\/index.php\/la-dune\/\"><img loading=\"lazy\" decoding=\"async\" width=\"2992\" height=\"2992\" src=\"http:\/\/www.hiba-art.com\/wp-content\/uploads\/2024\/12\/20240913_093716-1.jpg\" alt=\"\" class=\"wp-image-1959\"\/><\/a><figcaption class=\"wp-element-caption\"><em>La Dune<br><\/em>Peinture Acrylique sur Toile<br>80 x 80 cm &#8211; 950 \u20ac<\/figcaption><\/figure><\/div>\n\n<div class=\"wp-block-image\"><figure class=\"aligncenter size-full\"><a href=\"https:\/\/www.hiba-art.com\/index.php\/entre-ciel-et-fondations\/\"><img loading=\"lazy\" decoding=\"async\" width=\"1703\" height=\"1703\" src=\"https:\/\/www.hiba-art.com\/wp-content\/uploads\/2026\/03\/20241204_110137-new.jpg\" alt=\"\" class=\"wp-image-2860\"\/><\/a><figcaption class=\"wp-element-caption\"><em>Entre Ciel et Fondations<\/em><strong><br><\/strong>Peinture Acrylique sur Toile<br>119 x 92 cm &#8211; 1 250 \u20ac<\/figcaption><\/figure><\/div><\/div>\n\n<div class=\"wp-block-column is-layout-flow wp-block-column-is-layout-flow\"><div class=\"wp-block-image\"><figure class=\"aligncenter size-full\"><img loading=\"lazy\" decoding=\"async\" width=\"2346\" height=\"2346\" src=\"https:\/\/www.hiba-art.com\/wp-content\/uploads\/2026\/04\/1000056674-this2-1.jpg\" alt=\"\" class=\"wp-image-2881\"\/><figcaption class=\"wp-element-caption\"><em>Jeux de Formes <\/em><br>Peinture Acrylique sur Toile<br>119 x 92 cm &#8211; 1 100 \u20ac<\/figcaption><\/figure><\/div>\n\n<div class=\"wp-block-image\"><figure class=\"aligncenter size-full\"><a href=\"https:\/\/www.hiba-art.com\/index.php\/origine\/\"><img loading=\"lazy\" decoding=\"async\" width=\"2801\" height=\"2766\" src=\"http:\/\/www.hiba-art.com\/wp-content\/uploads\/2025\/06\/1000040606.jpg\" alt=\"\" class=\"wp-image-2469\"\/><\/a><figcaption class=\"wp-element-caption\"><em>Origine<\/em><br><em> <\/em> Peinture Acrylique sur Toile<br>100 x 100 cm &#8211; 1 100 \u20ac<\/figcaption><\/figure><\/div>\n\n<div class=\"wp-block-image\"><figure class=\"aligncenter size-full\"><a href=\"https:\/\/www.hiba-art.com\/index.php\/au-fil-de-leau\/\"><img loading=\"lazy\" decoding=\"async\" width=\"2992\" height=\"2992\" src=\"https:\/\/www.hiba-art.com\/wp-content\/uploads\/2024\/03\/20240303_160907-3.jpg\" alt=\"\" class=\"wp-image-1868\"\/><\/a><figcaption class=\"wp-element-caption\"><em>Au Fil de l\u2019Eau <\/em><br>Peinture Acrylique sur Toile <br>150 x 50 cm &#8211; 1 250 \u20ac<\/figcaption><\/figure><\/div>\n\n<div class=\"wp-block-image\"><figure class=\"aligncenter size-full\"><a href=\"https:\/\/www.hiba-art.com\/index.php\/sens-de-serenite\/\"><img loading=\"lazy\" decoding=\"async\" width=\"1080\" height=\"1080\" src=\"http:\/\/www.hiba-art.com\/wp-content\/uploads\/2023\/10\/White-Modern-Minimalist-Reminder-Instagram-Post-1-1.png\" alt=\"\" class=\"wp-image-1701\"\/><\/a><figcaption class=\"wp-element-caption\"><em>Sens de S\u00e9r\u00e9nit\u00e9<\/em><br>Peinture Acrylique sur Toile <br>60 x 60 cm &#8211; 250 \u20ac<\/figcaption><\/figure><\/div><\/div><\/div><\/div><\/div><div class=\"wp-block-columns is-layout-flex wp-container-core-columns-is-layout-3 wp-block-columns-is-layout-flex\"><div class=\"wp-block-column is-layout-flow wp-block-column-is-layout-flow\"><div class=\"wp-block-image\"><figure class=\"aligncenter size-full\"><a href=\"https:\/\/www.hiba-art.com\/index.php\/le-pont-rouge\/\"><img loading=\"lazy\" decoding=\"async\" width=\"1080\" height=\"1080\" src=\"https:\/\/www.hiba-art.com\/wp-content\/uploads\/2023\/10\/White-Modern-Minimalist-Reminder-Instagram-Post-3.png\" alt=\"\" class=\"wp-image-1697\"\/><\/a><figcaption class=\"wp-element-caption\"><em>Le Pont Rouge<\/em><br>Peinture Acrylique sur Toile<br>119 x 92 cm &#8211; 900 \u20ac<\/figcaption><\/figure><\/div><\/div>\n\n<div class=\"wp-block-column is-layout-flow wp-block-column-is-layout-flow\"><div class=\"wp-block-image\"><figure class=\"aligncenter size-full\"><a href=\"https:\/\/www.hiba-art.com\/index.php\/ville-funky\/\"><img loading=\"lazy\" decoding=\"async\" width=\"2111\" height=\"2111\" src=\"http:\/\/www.hiba-art.com\/wp-content\/uploads\/2024\/03\/20240303_155802.jpg\" alt=\"\" class=\"wp-image-1856\"\/><\/a><figcaption class=\"wp-element-caption\"><em>Ville Funky<\/em><br>Peinture Acrylique sur Toile <br>60 x 60 cm &#8211; 250 \u20ac<\/figcaption><\/figure><\/div><\/div><\/div><div class=\"wp-block-buttons is-content-justification-center is-layout-flex wp-container-core-buttons-is-layout-1 wp-block-buttons-is-layout-flex\"><div class=\"wp-block-button is-style-fill\"><a class=\"wp-block-button__link has-black-color has-text-color has-background wp-element-button\" href=\"https:\/\/www.hiba-art.com\/index.php\/archives\/\" style=\"background-color:#eae6df\"><strong>Voir plus<\/strong><\/a><\/div><\/div><div style=\"height:40px\" aria-hidden=\"true\" class=\"wp-block-spacer\"><\/div><h2 class=\"wp-block-heading has-medium-font-size\"><strong>Biographie de l&#8217;artiste<\/strong><\/h2><div style=\"height:20px\" aria-hidden=\"true\" class=\"wp-block-spacer\"><\/div><div style=\"height:20px\" aria-hidden=\"true\" class=\"wp-block-spacer\"><\/div><div class=\"wp-block-image\"><figure class=\"aligncenter size-full is-resized\"><img loading=\"lazy\" decoding=\"async\" width=\"2447\" height=\"2448\" src=\"http:\/\/www.hiba-art.com\/wp-content\/uploads\/2026\/02\/Untitled-design.jpg\" alt=\"\" class=\"wp-image-2672\" style=\"width:289px;height:auto\"\/><\/figure><\/div><div style=\"height:20px\" aria-hidden=\"true\" class=\"wp-block-spacer\"><\/div><p>Hiba Vergnaud est une artiste contemporaine bas\u00e9e \u00e0 Bordeaux, en France. Elle est sp\u00e9cialis\u00e9e dans les peintures originales de style hard edge et dans l\u2019abstraction g\u00e9om\u00e9trique.<\/p><div style=\"height:20px\" aria-hidden=\"true\" class=\"wp-block-spacer\"><\/div><div class=\"wp-block-buttons is-content-justification-center is-layout-flex wp-container-core-buttons-is-layout-2 wp-block-buttons-is-layout-flex\"><div class=\"wp-block-button is-style-fill\"><a class=\"wp-block-button__link has-black-color has-text-color has-background wp-element-button\" href=\"https:\/\/www.hiba-art.com\/index.php\/biographie\/\" style=\"background-color:#eae6df\"><strong>Lire plus<\/strong><\/a><\/div><\/div><div style=\"height:40px\" aria-hidden=\"true\" class=\"wp-block-spacer\"><\/div><div class=\"wp-block-columns is-layout-flex wp-container-core-columns-is-layout-4 wp-block-columns-is-layout-flex\"><div class=\"wp-block-column is-layout-flow wp-block-column-is-layout-flow\"><div class=\"wp-block-image\"><figure class=\"aligncenter size-full is-resized\"><img loading=\"lazy\" decoding=\"async\" width=\"512\" height=\"512\" src=\"http:\/\/www.hiba-art.com\/wp-content\/uploads\/2025\/05\/shipped_411763.png\" alt=\"\" class=\"wp-image-2327\" style=\"width:46px;height:auto\"\/><\/figure><\/div>\n\n<h3 class=\"wp-block-heading has-text-align-center\" style=\"font-size:16px\"><strong>Livraison<\/strong><\/h3>\n\n<p class=\"has-text-align-center\">Chaque tableau est emball\u00e9 avec le plus grand soin, prot\u00e9g\u00e9 par du papier bulle et des coins renforc\u00e9s. La livraison est possible en France et partout dans le monde.<\/p><\/div><\/div><div class=\"wp-block-group\"><div class=\"wp-block-group__inner-container is-layout-constrained wp-block-group-is-layout-constrained\"><div class=\"wp-block-columns is-layout-flex wp-container-core-columns-is-layout-5 wp-block-columns-is-layout-flex\"><div class=\"wp-block-column is-layout-flow wp-block-column-is-layout-flow\"><div class=\"wp-block-image\"><figure class=\"aligncenter size-full is-resized\"><img loading=\"lazy\" decoding=\"async\" width=\"512\" height=\"512\" src=\"http:\/\/www.hiba-art.com\/wp-content\/uploads\/2025\/05\/contract_9897221.png\" alt=\"\" class=\"wp-image-2328\" style=\"width:50px;height:auto\"\/><\/figure><\/div><\/div><\/div><\/div><\/div><h3 class=\"wp-block-heading has-text-align-center\" style=\"font-size:16px\"><strong>Certificat d&#8217;authenticit\u00e9<\/strong><\/h3><p>Toutes les cr\u00e9ations sont uniques et disposent d&#8217;une signature sur l&#8217;avant ou au dos de l&#8217;\u0153uvre. De plus, chaque tableau est livr\u00e9 avec un petit mot personnalis\u00e9 et avec un certificat d&#8217;authenticit\u00e9<\/p><div class=\"wp-block-image\"><figure class=\"aligncenter size-full is-resized\"><img loading=\"lazy\" decoding=\"async\" width=\"512\" height=\"512\" src=\"http:\/\/www.hiba-art.com\/wp-content\/uploads\/2025\/05\/badge_4033583.png\" alt=\"\" class=\"wp-image-2329\" style=\"width:48px;height:auto\"\/><\/figure><\/div><h3 class=\"wp-block-heading has-text-align-center\" style=\"font-size:16px\"><strong>Des Peintures de Qualit\u00e9<\/strong><\/h3><p>Chaque \u0153uvre est r\u00e9alis\u00e9e \u00e0 la main avec de la peinture acrylique professionnelle, appliqu\u00e9e sur une toile en coton de haute qualit\u00e9. Les couleurs sont intenses, durables et r\u00e9sistantes \u00e0 la lumi\u00e8re.<\/p><div class=\"wp-block-columns is-layout-flex wp-container-core-columns-is-layout-6 wp-block-columns-is-layout-flex\"><div class=\"wp-block-column is-layout-flow wp-block-column-is-layout-flow\"><\/div>\n\n<div class=\"wp-block-column is-layout-flow wp-block-column-is-layout-flow\"><div class=\"wp-block-buttons is-content-justification-center is-layout-flex wp-container-core-buttons-is-layout-3 wp-block-buttons-is-layout-flex\"><div class=\"wp-block-button\"><a class=\"wp-block-button__link has-black-color has-text-color has-background has-link-color wp-element-button\" href=\"https:\/\/www.hiba-art.com\/index.php\/entretien-des-oeuvres\/\" style=\"background-color:#eae6df\"><strong>En savoir plus<\/strong><\/a><\/div><\/div><\/div>\n\n<div class=\"wp-block-column is-layout-flow wp-block-column-is-layout-flow\"><\/div><\/div><div class=\"wp-block-group\"><div class=\"wp-block-group__inner-container is-layout-constrained wp-block-group-is-layout-constrained\"><h2 class=\"wp-block-heading has-medium-font-size\"><strong>Personnalisation<\/strong><\/h2>\n\n<p><br>Besoin d\u2019une impression sur mesure\u202f? Envie de commander une peinture originale\u202f? Ou demande de devis pour l\u2019exp\u00e9dition d\u2019une \u0153uvre\u202f?<\/p>\n\n<p>N\u2019h\u00e9sitez pas \u00e0 utiliser la page de contact pour toute demande.<\/p>\n\n<div style=\"height:40px\" aria-hidden=\"true\" class=\"wp-block-spacer\"><\/div>\n\n<div class=\"wp-block-buttons is-content-justification-center is-layout-flex wp-container-core-buttons-is-layout-4 wp-block-buttons-is-layout-flex\"><div class=\"wp-block-button is-style-fill\"><a class=\"wp-block-button__link has-black-color has-text-color has-background has-text-align-center wp-element-button\" href=\"https:\/\/www.hiba-art.com\/index.php\/francais\/\" style=\"background-color:#eae6df\"><strong>Contact<\/strong><\/a><\/div><\/div><\/div><\/div><div style=\"height:40px\" aria-hidden=\"true\" class=\"wp-block-spacer\"><\/div><h2 class=\"wp-block-heading has-text-align-left has-medium-font-size\"><strong>Artiste Bordelaise<\/strong><\/h2><div style=\"height:20px\" aria-hidden=\"true\" class=\"wp-block-spacer\"><\/div><p>Peintures originales Made in France, entre \u00e9l\u00e9gance nordique, rigueur Bauhaus et audace industrielle.<\/p><div class=\"wp-block-image\"><figure class=\"aligncenter size-full is-resized\"><img loading=\"lazy\" decoding=\"async\" width=\"64\" height=\"64\" src=\"https:\/\/www.hiba-art.com\/wp-content\/uploads\/2025\/05\/france_flags_flag_8995.png\" alt=\"\" class=\"wp-image-2407\" style=\"width:48px;height:auto\"\/><\/figure><\/div><p class=\"has-text-align-center has-small-font-size\">Hiba Vergnaud artiste peintre Bordeaux<\/p><p><\/p><p class=\"has-text-align-center\"><\/p><p><\/p>","protected":false},"excerpt":{"rendered":"<p>Peintures originales Peintures originales de style Hard Edge et d\u2019abstraction g\u00e9om\u00e9trique. Biographie de l&#8217;artiste Hiba Vergnaud est une artiste contemporaine bas\u00e9e \u00e0 Bordeaux, en France. Elle est sp\u00e9cialis\u00e9e dans les peintures originales de style hard edge et dans l\u2019abstraction g\u00e9om\u00e9trique. Livraison Chaque tableau est emball\u00e9 avec le plus grand soin, prot\u00e9g\u00e9 par du papier bulle&hellip; <\/p>\n","protected":false},"author":1,"featured_media":0,"parent":0,"menu_order":0,"comment_status":"closed","ping_status":"closed","template":"","meta":{"footnotes":""},"class_list":["post-1818","page","type-page","status-publish","hentry"],"_links":{"self":[{"href":"https:\/\/www.hiba-art.com\/index.php\/wp-json\/wp\/v2\/pages\/1818","targetHints":{"allow":["GET"]}}],"collection":[{"href":"https:\/\/www.hiba-art.com\/index.php\/wp-json\/wp\/v2\/pages"}],"about":[{"href":"https:\/\/www.hiba-art.com\/index.php\/wp-json\/wp\/v2\/types\/page"}],"author":[{"embeddable":true,"href":"https:\/\/www.hiba-art.com\/index.php\/wp-json\/wp\/v2\/users\/1"}],"replies":[{"embeddable":true,"href":"https:\/\/www.hiba-art.com\/index.php\/wp-json\/wp\/v2\/comments?post=1818"}],"version-history":[{"count":378,"href":"https:\/\/www.hiba-art.com\/index.php\/wp-json\/wp\/v2\/pages\/1818\/revisions"}],"predecessor-version":[{"id":2882,"href":"https:\/\/www.hiba-art.com\/index.php\/wp-json\/wp\/v2\/pages\/1818\/revisions\/2882"}],"wp:attachment":[{"href":"https:\/\/www.hiba-art.com\/index.php\/wp-json\/wp\/v2\/media?parent=1818"}],"curies":[{"name":"wp","href":"https:\/\/api.w.org\/{rel}","templated":true}]}}