{"id":2348,"date":"2025-05-21T08:59:05","date_gmt":"2025-05-21T08:59:05","guid":{"rendered":"https:\/\/www.hiba-art.com\/?page_id=2348"},"modified":"2026-02-20T09:15:42","modified_gmt":"2026-02-20T09:15:42","slug":"biographie","status":"publish","type":"page","link":"https:\/\/www.hiba-art.com\/index.php\/biographie\/","title":{"rendered":"BIOGRAPHIE"},"content":{"rendered":"<div style=\"height:20px\" aria-hidden=\"true\" class=\"wp-block-spacer\"><\/div><p><strong>Hiba Vergnaud<\/strong> est une artiste contemporaine bas\u00e9e \u00e0 Bordeaux, en France, sp\u00e9cialis\u00e9e dans la peinture originale de style <em>Hard Edge<\/em> et l\u2019abstraction g\u00e9om\u00e9trique.<\/p><p>Son travail puise son inspiration dans son h\u00e9ritage multiculturel, m\u00ealant des racines fran\u00e7aises, mauriciennes et libanaises.<\/p><p>Hiba a grandi au Kowe\u00eft dans un foyer cr\u00e9atif et anim\u00e9, o\u00f9 elle passait son temps \u00e0 dessiner et \u00e0 illustrer. <\/p><p>Elle a commenc\u00e9 sa carri\u00e8re comme artiste pluridisciplinaire au sein de la Kuwait Society of Formative Arts.<\/p><div class=\"wp-block-image\"><figure class=\"aligncenter size-full is-resized\"><img loading=\"lazy\" decoding=\"async\" width=\"2447\" height=\"2448\" src=\"http:\/\/www.hiba-art.com\/wp-content\/uploads\/2026\/02\/Untitled-design.jpg\" alt=\"\" class=\"wp-image-2672\" style=\"width:255px;height:auto\"\/><\/figure><\/div><p>En 2020, pendant ses ann\u00e9es v\u00e9cues \u00e0 l\u2019\u00cele Maurice, Hiba a commenc\u00e9 \u00e0 cr\u00e9er des \u0153uvres sur commande pour ses amis partageant son processus cr\u00e9atif sur Instagram.<\/p><p>Depuis, elle est reconnue pour son usage audacieux et vibrant de la couleur, explorant une large palette de teintes et de textures pour donner vie \u00e0 des compositions visuelles dynamiques.<\/p><p>Elle travaille \u00e0 domicile avec des mat\u00e9riaux traditionnels tels que la peinture acrylique et l\u2019encre.<\/p><p>Pour d\u00e9couvrir ses \u0153uvres ou entrer en contact avec elle, rendez-vous sur la page de contact.<\/p><p><\/p>","protected":false},"excerpt":{"rendered":"<p>Hiba Vergnaud est une artiste contemporaine bas\u00e9e \u00e0 Bordeaux, en France, sp\u00e9cialis\u00e9e dans la peinture originale de style Hard Edge et l\u2019abstraction g\u00e9om\u00e9trique. Son travail puise son inspiration dans son h\u00e9ritage multiculturel, m\u00ealant des racines fran\u00e7aises, mauriciennes et libanaises. Hiba a grandi au Kowe\u00eft dans un foyer cr\u00e9atif et anim\u00e9, o\u00f9 elle passait son temps&hellip; <\/p>\n","protected":false},"author":1,"featured_media":0,"parent":0,"menu_order":0,"comment_status":"closed","ping_status":"closed","template":"","meta":{"footnotes":""},"class_list":["post-2348","page","type-page","status-publish","hentry"],"_links":{"self":[{"href":"https:\/\/www.hiba-art.com\/index.php\/wp-json\/wp\/v2\/pages\/2348","targetHints":{"allow":["GET"]}}],"collection":[{"href":"https:\/\/www.hiba-art.com\/index.php\/wp-json\/wp\/v2\/pages"}],"about":[{"href":"https:\/\/www.hiba-art.com\/index.php\/wp-json\/wp\/v2\/types\/page"}],"author":[{"embeddable":true,"href":"https:\/\/www.hiba-art.com\/index.php\/wp-json\/wp\/v2\/users\/1"}],"replies":[{"embeddable":true,"href":"https:\/\/www.hiba-art.com\/index.php\/wp-json\/wp\/v2\/comments?post=2348"}],"version-history":[{"count":12,"href":"https:\/\/www.hiba-art.com\/index.php\/wp-json\/wp\/v2\/pages\/2348\/revisions"}],"predecessor-version":[{"id":2787,"href":"https:\/\/www.hiba-art.com\/index.php\/wp-json\/wp\/v2\/pages\/2348\/revisions\/2787"}],"wp:attachment":[{"href":"https:\/\/www.hiba-art.com\/index.php\/wp-json\/wp\/v2\/media?parent=2348"}],"curies":[{"name":"wp","href":"https:\/\/api.w.org\/{rel}","templated":true}]}}