{"id":2356,"date":"2025-05-21T09:01:34","date_gmt":"2025-05-21T09:01:34","guid":{"rendered":"https:\/\/www.hiba-art.com\/?page_id=2356"},"modified":"2026-02-19T12:32:16","modified_gmt":"2026-02-19T12:32:16","slug":"entretien-des-oeuvres","status":"publish","type":"page","link":"https:\/\/www.hiba-art.com\/index.php\/entretien-des-oeuvres\/","title":{"rendered":"ENTRETIEN DES \u0152UVRES"},"content":{"rendered":"<p>Toutes mes peintures acryliques sont r\u00e9alis\u00e9es sur une toile en coton tendue sur un ch\u00e2ssis en bois pour garantir stabilit\u00e9 et durabilit\u00e9.<\/p><p>La toile re\u00e7oit plusieurs couches de pr\u00e9paration avant l\u2019application des diff\u00e9rentes couches de peinture.<\/p><div style=\"height:20px\" aria-hidden=\"true\" class=\"wp-block-spacer\"><\/div><div class=\"wp-block-image\"><figure class=\"aligncenter size-full is-resized\"><img loading=\"lazy\" decoding=\"async\" width=\"1080\" height=\"1080\" src=\"http:\/\/www.hiba-art.com\/wp-content\/uploads\/2023\/10\/White-Modern-Minimalist-Reminder-Instagram-Post-1-2.png\" alt=\"\" class=\"wp-image-1712\" style=\"width:429px;height:auto\"\/><\/figure><\/div><div style=\"height:19px\" aria-hidden=\"true\" class=\"wp-block-spacer\"><\/div><p><strong>\u00c0 NE PAS FAIRE :<\/strong><br>Il est fortement d\u00e9conseill\u00e9 d\u2019utiliser un liquide, y compris de l\u2019eau, pour nettoyer la surface d\u2019une peinture acrylique.<\/p><div style=\"height:20px\" aria-hidden=\"true\" class=\"wp-block-spacer\"><\/div><p><strong>\u00c0 FAIRE :<\/strong><br>Utilisez de l\u2019air comprim\u00e9 en bombe pour souffler la poussi\u00e8re de surface. Une autre m\u00e9thode consiste \u00e0 utiliser un pinceau en poils doux sec pour d\u00e9poussi\u00e9rer la surface.<\/p><p><\/p>","protected":false},"excerpt":{"rendered":"<p>Toutes mes peintures acryliques sont r\u00e9alis\u00e9es sur une toile en coton tendue sur un ch\u00e2ssis en bois pour garantir stabilit\u00e9 et durabilit\u00e9. La toile re\u00e7oit plusieurs couches de pr\u00e9paration avant l\u2019application des diff\u00e9rentes couches de peinture. \u00c0 NE PAS FAIRE :Il est fortement d\u00e9conseill\u00e9 d\u2019utiliser un liquide, y compris de l\u2019eau, pour nettoyer la surface&hellip; <\/p>\n","protected":false},"author":1,"featured_media":0,"parent":0,"menu_order":0,"comment_status":"closed","ping_status":"closed","template":"","meta":{"footnotes":""},"class_list":["post-2356","page","type-page","status-publish","hentry"],"_links":{"self":[{"href":"https:\/\/www.hiba-art.com\/index.php\/wp-json\/wp\/v2\/pages\/2356","targetHints":{"allow":["GET"]}}],"collection":[{"href":"https:\/\/www.hiba-art.com\/index.php\/wp-json\/wp\/v2\/pages"}],"about":[{"href":"https:\/\/www.hiba-art.com\/index.php\/wp-json\/wp\/v2\/types\/page"}],"author":[{"embeddable":true,"href":"https:\/\/www.hiba-art.com\/index.php\/wp-json\/wp\/v2\/users\/1"}],"replies":[{"embeddable":true,"href":"https:\/\/www.hiba-art.com\/index.php\/wp-json\/wp\/v2\/comments?post=2356"}],"version-history":[{"count":13,"href":"https:\/\/www.hiba-art.com\/index.php\/wp-json\/wp\/v2\/pages\/2356\/revisions"}],"predecessor-version":[{"id":2708,"href":"https:\/\/www.hiba-art.com\/index.php\/wp-json\/wp\/v2\/pages\/2356\/revisions\/2708"}],"wp:attachment":[{"href":"https:\/\/www.hiba-art.com\/index.php\/wp-json\/wp\/v2\/media?parent=2356"}],"curies":[{"name":"wp","href":"https:\/\/api.w.org\/{rel}","templated":true}]}}