{"id":2546,"date":"2026-02-19T08:19:18","date_gmt":"2026-02-19T08:19:18","guid":{"rendered":"https:\/\/www.hiba-art.com\/?page_id=2546"},"modified":"2026-02-19T10:09:30","modified_gmt":"2026-02-19T10:09:30","slug":"une-ville-verte","status":"publish","type":"page","link":"https:\/\/www.hiba-art.com\/index.php\/une-ville-verte\/","title":{"rendered":"UNE VILLE VERTE"},"content":{"rendered":"<p><strong>Dimensions\u202f:<\/strong> 100 \u00d7 100 cm<\/p><p><br><strong>Style\u202f:<\/strong> Abstraction g\u00e9om\u00e9trique, Hard Edge<\/p><p><br><strong>Description :<\/strong><\/p><p>Une ville imaginaire aux formes g\u00e9om\u00e9triques simples se d\u00e9ploie sur un fond vert lumineux, symbole de nature et de renouveau.<\/p><p>Les volumes color\u00e9s s\u2019assemblent comme un puzzle urbain, tandis que la partie inf\u00e9rieure plus claire sugg\u00e8re fondations et circulations cach\u00e9es. <\/p><p><\/p><figure class=\"wp-block-image size-full\"><img loading=\"lazy\" decoding=\"async\" width=\"3000\" height=\"3000\" src=\"http:\/\/www.hiba-art.com\/wp-content\/uploads\/2025\/09\/1000043814-1.jpg\" alt=\"\" class=\"wp-image-2487\"\/><\/figure><p><\/p>","protected":false},"excerpt":{"rendered":"<p>Dimensions\u202f: 100 \u00d7 100 cm Style\u202f: Abstraction g\u00e9om\u00e9trique, Hard Edge Description : Une ville imaginaire aux formes g\u00e9om\u00e9triques simples se d\u00e9ploie sur un fond vert lumineux, symbole de nature et de renouveau. Les volumes color\u00e9s s\u2019assemblent comme un puzzle urbain, tandis que la partie inf\u00e9rieure plus claire sugg\u00e8re fondations et circulations cach\u00e9es.<\/p>\n","protected":false},"author":1,"featured_media":0,"parent":0,"menu_order":0,"comment_status":"closed","ping_status":"closed","template":"","meta":{"footnotes":""},"class_list":["post-2546","page","type-page","status-publish","hentry"],"_links":{"self":[{"href":"https:\/\/www.hiba-art.com\/index.php\/wp-json\/wp\/v2\/pages\/2546","targetHints":{"allow":["GET"]}}],"collection":[{"href":"https:\/\/www.hiba-art.com\/index.php\/wp-json\/wp\/v2\/pages"}],"about":[{"href":"https:\/\/www.hiba-art.com\/index.php\/wp-json\/wp\/v2\/types\/page"}],"author":[{"embeddable":true,"href":"https:\/\/www.hiba-art.com\/index.php\/wp-json\/wp\/v2\/users\/1"}],"replies":[{"embeddable":true,"href":"https:\/\/www.hiba-art.com\/index.php\/wp-json\/wp\/v2\/comments?post=2546"}],"version-history":[{"count":23,"href":"https:\/\/www.hiba-art.com\/index.php\/wp-json\/wp\/v2\/pages\/2546\/revisions"}],"predecessor-version":[{"id":2632,"href":"https:\/\/www.hiba-art.com\/index.php\/wp-json\/wp\/v2\/pages\/2546\/revisions\/2632"}],"wp:attachment":[{"href":"https:\/\/www.hiba-art.com\/index.php\/wp-json\/wp\/v2\/media?parent=2546"}],"curies":[{"name":"wp","href":"https:\/\/api.w.org\/{rel}","templated":true}]}}