{"id":2559,"date":"2026-02-19T08:31:43","date_gmt":"2026-02-19T08:31:43","guid":{"rendered":"https:\/\/www.hiba-art.com\/?page_id=2559"},"modified":"2026-02-19T10:11:22","modified_gmt":"2026-02-19T10:11:22","slug":"la-dune","status":"publish","type":"page","link":"https:\/\/www.hiba-art.com\/index.php\/la-dune\/","title":{"rendered":"LA DUNE"},"content":{"rendered":"<p><strong>Dimensions\u202f:<\/strong> 80 \u00d7 80 cm<\/p><p><br><strong>Style\u202f:<\/strong> Abstraction g\u00e9om\u00e9trique, Hard Edge<\/p><p><br><strong>Description :<\/strong><\/p><p>Des formes g\u00e9om\u00e9triques simples s\u2019assemblent en une composition \u00e9voquant le calme et la s\u00e9r\u00e9nit\u00e9 d\u2019un paysage d\u00e9sertique.<\/p><p>Les volumes clairs et color\u00e9s sugg\u00e8rent dunes, collines et horizons lointains, tandis que les touches de jaune et de bleu rappellent le soleil et le ciel.<\/p><figure class=\"wp-block-image size-full\"><img loading=\"lazy\" decoding=\"async\" width=\"2992\" height=\"2992\" src=\"http:\/\/www.hiba-art.com\/wp-content\/uploads\/2024\/12\/20240913_093716-1.jpg\" alt=\"\" class=\"wp-image-1959\"\/><\/figure>","protected":false},"excerpt":{"rendered":"<p>Dimensions\u202f: 80 \u00d7 80 cm Style\u202f: Abstraction g\u00e9om\u00e9trique, Hard Edge Description : Des formes g\u00e9om\u00e9triques simples s\u2019assemblent en une composition \u00e9voquant le calme et la s\u00e9r\u00e9nit\u00e9 d\u2019un paysage d\u00e9sertique. Les volumes clairs et color\u00e9s sugg\u00e8rent dunes, collines et horizons lointains, tandis que les touches de jaune et de bleu rappellent le soleil et le ciel.<\/p>\n","protected":false},"author":1,"featured_media":0,"parent":0,"menu_order":0,"comment_status":"closed","ping_status":"closed","template":"","meta":{"footnotes":""},"class_list":["post-2559","page","type-page","status-publish","hentry"],"_links":{"self":[{"href":"https:\/\/www.hiba-art.com\/index.php\/wp-json\/wp\/v2\/pages\/2559","targetHints":{"allow":["GET"]}}],"collection":[{"href":"https:\/\/www.hiba-art.com\/index.php\/wp-json\/wp\/v2\/pages"}],"about":[{"href":"https:\/\/www.hiba-art.com\/index.php\/wp-json\/wp\/v2\/types\/page"}],"author":[{"embeddable":true,"href":"https:\/\/www.hiba-art.com\/index.php\/wp-json\/wp\/v2\/users\/1"}],"replies":[{"embeddable":true,"href":"https:\/\/www.hiba-art.com\/index.php\/wp-json\/wp\/v2\/comments?post=2559"}],"version-history":[{"count":11,"href":"https:\/\/www.hiba-art.com\/index.php\/wp-json\/wp\/v2\/pages\/2559\/revisions"}],"predecessor-version":[{"id":2635,"href":"https:\/\/www.hiba-art.com\/index.php\/wp-json\/wp\/v2\/pages\/2559\/revisions\/2635"}],"wp:attachment":[{"href":"https:\/\/www.hiba-art.com\/index.php\/wp-json\/wp\/v2\/media?parent=2559"}],"curies":[{"name":"wp","href":"https:\/\/api.w.org\/{rel}","templated":true}]}}