{"id":2613,"date":"2026-02-19T09:56:05","date_gmt":"2026-02-19T09:56:05","guid":{"rendered":"https:\/\/www.hiba-art.com\/?page_id=2613"},"modified":"2026-02-19T10:05:41","modified_gmt":"2026-02-19T10:05:41","slug":"au-fil-de-leau","status":"publish","type":"page","link":"https:\/\/www.hiba-art.com\/index.php\/au-fil-de-leau\/","title":{"rendered":"AU FIL DE L&#8217;EAU"},"content":{"rendered":"<p><strong>Dimensions\u202f:<\/strong> 150 \u00d7 50 cm<\/p><p><br><strong>Style\u202f:<\/strong> Abstraction g\u00e9om\u00e9trique, Hard Edge<\/p><p><br><strong>Description :<\/strong><br>Au Fil de l\u2019Eau est une \u0153uvre contemporaine qui capture l\u2019essence et la fluidit\u00e9 de l\u2019eau \u00e0 travers l\u2019abstraction. <\/p><p>La peinture d\u00e9gage une sensation de lumi\u00e8re et de chaleur, invitant le spectateur \u00e0 ressentir le mouvement, la s\u00e9r\u00e9nit\u00e9 et la vitalit\u00e9 d\u2019un paysage baign\u00e9s de soleil.<\/p><figure class=\"wp-block-image size-full\"><img loading=\"lazy\" decoding=\"async\" width=\"2992\" height=\"2992\" src=\"http:\/\/www.hiba-art.com\/wp-content\/uploads\/2024\/03\/20240303_160907-3.jpg\" alt=\"\" class=\"wp-image-1868\"\/><\/figure>","protected":false},"excerpt":{"rendered":"<p>Dimensions\u202f: 150 \u00d7 50 cm Style\u202f: Abstraction g\u00e9om\u00e9trique, Hard Edge Description :Au Fil de l\u2019Eau est une \u0153uvre contemporaine qui capture l\u2019essence et la fluidit\u00e9 de l\u2019eau \u00e0 travers l\u2019abstraction. La peinture d\u00e9gage une sensation de lumi\u00e8re et de chaleur, invitant le spectateur \u00e0 ressentir le mouvement, la s\u00e9r\u00e9nit\u00e9 et la vitalit\u00e9 d\u2019un paysage baign\u00e9s&hellip; <\/p>\n","protected":false},"author":1,"featured_media":0,"parent":0,"menu_order":0,"comment_status":"closed","ping_status":"closed","template":"","meta":{"footnotes":""},"class_list":["post-2613","page","type-page","status-publish","hentry"],"_links":{"self":[{"href":"https:\/\/www.hiba-art.com\/index.php\/wp-json\/wp\/v2\/pages\/2613","targetHints":{"allow":["GET"]}}],"collection":[{"href":"https:\/\/www.hiba-art.com\/index.php\/wp-json\/wp\/v2\/pages"}],"about":[{"href":"https:\/\/www.hiba-art.com\/index.php\/wp-json\/wp\/v2\/types\/page"}],"author":[{"embeddable":true,"href":"https:\/\/www.hiba-art.com\/index.php\/wp-json\/wp\/v2\/users\/1"}],"replies":[{"embeddable":true,"href":"https:\/\/www.hiba-art.com\/index.php\/wp-json\/wp\/v2\/comments?post=2613"}],"version-history":[{"count":8,"href":"https:\/\/www.hiba-art.com\/index.php\/wp-json\/wp\/v2\/pages\/2613\/revisions"}],"predecessor-version":[{"id":2627,"href":"https:\/\/www.hiba-art.com\/index.php\/wp-json\/wp\/v2\/pages\/2613\/revisions\/2627"}],"wp:attachment":[{"href":"https:\/\/www.hiba-art.com\/index.php\/wp-json\/wp\/v2\/media?parent=2613"}],"curies":[{"name":"wp","href":"https:\/\/api.w.org\/{rel}","templated":true}]}}