{"id":2648,"date":"2026-02-19T10:32:30","date_gmt":"2026-02-19T10:32:30","guid":{"rendered":"https:\/\/www.hiba-art.com\/?page_id=2648"},"modified":"2026-02-19T10:33:03","modified_gmt":"2026-02-19T10:33:03","slug":"le-pont-rouge","status":"publish","type":"page","link":"https:\/\/www.hiba-art.com\/index.php\/le-pont-rouge\/","title":{"rendered":"LE PONT ROUGE"},"content":{"rendered":"<p><strong>Dimensions\u202f:<\/strong> 119 \u00d7 92 cm<\/p><p><br><strong>Style\u202f:<\/strong> Abstraction g\u00e9om\u00e9trique, Hard Edge<\/p><p><br><strong>Description :<\/strong><\/p><p><em>Le Pont Rouge\u202f<\/em> est une peinture acrylique abstraite qui d\u00e9gage calme et s\u00e9r\u00e9nit\u00e9 tout en mettant en avant la pr\u00e9sence dynamique du pont. <\/p><p>Ses formes g\u00e9om\u00e9triques et ses aplats de couleurs chaudes, domin\u00e9es par des nuances de rouge, cr\u00e9ent des contrastes lumineux et vibrants.<\/p><figure class=\"wp-block-image size-full\"><img loading=\"lazy\" decoding=\"async\" width=\"1080\" height=\"1080\" src=\"http:\/\/www.hiba-art.com\/wp-content\/uploads\/2023\/10\/White-Modern-Minimalist-Reminder-Instagram-Post-3.png\" alt=\"\" class=\"wp-image-1697\"\/><\/figure>","protected":false},"excerpt":{"rendered":"<p>Dimensions\u202f: 119 \u00d7 92 cm Style\u202f: Abstraction g\u00e9om\u00e9trique, Hard Edge Description : Le Pont Rouge\u202f est une peinture acrylique abstraite qui d\u00e9gage calme et s\u00e9r\u00e9nit\u00e9 tout en mettant en avant la pr\u00e9sence dynamique du pont. Ses formes g\u00e9om\u00e9triques et ses aplats de couleurs chaudes, domin\u00e9es par des nuances de rouge, cr\u00e9ent des contrastes lumineux et&hellip; <\/p>\n","protected":false},"author":1,"featured_media":0,"parent":0,"menu_order":0,"comment_status":"closed","ping_status":"closed","template":"","meta":{"footnotes":""},"class_list":["post-2648","page","type-page","status-publish","hentry"],"_links":{"self":[{"href":"https:\/\/www.hiba-art.com\/index.php\/wp-json\/wp\/v2\/pages\/2648","targetHints":{"allow":["GET"]}}],"collection":[{"href":"https:\/\/www.hiba-art.com\/index.php\/wp-json\/wp\/v2\/pages"}],"about":[{"href":"https:\/\/www.hiba-art.com\/index.php\/wp-json\/wp\/v2\/types\/page"}],"author":[{"embeddable":true,"href":"https:\/\/www.hiba-art.com\/index.php\/wp-json\/wp\/v2\/users\/1"}],"replies":[{"embeddable":true,"href":"https:\/\/www.hiba-art.com\/index.php\/wp-json\/wp\/v2\/comments?post=2648"}],"version-history":[{"count":3,"href":"https:\/\/www.hiba-art.com\/index.php\/wp-json\/wp\/v2\/pages\/2648\/revisions"}],"predecessor-version":[{"id":2654,"href":"https:\/\/www.hiba-art.com\/index.php\/wp-json\/wp\/v2\/pages\/2648\/revisions\/2654"}],"wp:attachment":[{"href":"https:\/\/www.hiba-art.com\/index.php\/wp-json\/wp\/v2\/media?parent=2648"}],"curies":[{"name":"wp","href":"https:\/\/api.w.org\/{rel}","templated":true}]}}