{"id":2663,"date":"2026-02-19T10:43:47","date_gmt":"2026-02-19T10:43:47","guid":{"rendered":"https:\/\/www.hiba-art.com\/?page_id=2663"},"modified":"2026-03-31T12:08:24","modified_gmt":"2026-03-31T12:08:24","slug":"sens-de-serenite","status":"publish","type":"page","link":"https:\/\/www.hiba-art.com\/index.php\/sens-de-serenite\/","title":{"rendered":"SENS DE SERENITE"},"content":{"rendered":"<p><em>Sens de S\u00e9r\u00e9nit\u00e9<\/em>\u202fest une peinture acrylique abstraite qui d\u00e9gage apaisement et \u00e9quilibre.<\/p><p>L\u2019\u0153uvre invite le spectateur \u00e0 ressentir la tranquillit\u00e9 et la fluidit\u00e9 des tons.<\/p><p>Elle offre un espace visuel o\u00f9 chaque nuance contribue \u00e0 une sensation de calme profond.<\/p><figure class=\"wp-block-image size-full\"><img loading=\"lazy\" decoding=\"async\" width=\"1080\" height=\"1080\" src=\"http:\/\/www.hiba-art.com\/wp-content\/uploads\/2023\/10\/White-Modern-Minimalist-Reminder-Instagram-Post-1-1.png\" alt=\"\" class=\"wp-image-1701\"\/><\/figure>","protected":false},"excerpt":{"rendered":"<p>Sens de S\u00e9r\u00e9nit\u00e9\u202fest une peinture acrylique abstraite qui d\u00e9gage apaisement et \u00e9quilibre. L\u2019\u0153uvre invite le spectateur \u00e0 ressentir la tranquillit\u00e9 et la fluidit\u00e9 des tons. Elle offre un espace visuel o\u00f9 chaque nuance contribue \u00e0 une sensation de calme profond.<\/p>\n","protected":false},"author":1,"featured_media":0,"parent":0,"menu_order":0,"comment_status":"closed","ping_status":"closed","template":"","meta":{"footnotes":""},"class_list":["post-2663","page","type-page","status-publish","hentry"],"_links":{"self":[{"href":"https:\/\/www.hiba-art.com\/index.php\/wp-json\/wp\/v2\/pages\/2663","targetHints":{"allow":["GET"]}}],"collection":[{"href":"https:\/\/www.hiba-art.com\/index.php\/wp-json\/wp\/v2\/pages"}],"about":[{"href":"https:\/\/www.hiba-art.com\/index.php\/wp-json\/wp\/v2\/types\/page"}],"author":[{"embeddable":true,"href":"https:\/\/www.hiba-art.com\/index.php\/wp-json\/wp\/v2\/users\/1"}],"replies":[{"embeddable":true,"href":"https:\/\/www.hiba-art.com\/index.php\/wp-json\/wp\/v2\/comments?post=2663"}],"version-history":[{"count":3,"href":"https:\/\/www.hiba-art.com\/index.php\/wp-json\/wp\/v2\/pages\/2663\/revisions"}],"predecessor-version":[{"id":2871,"href":"https:\/\/www.hiba-art.com\/index.php\/wp-json\/wp\/v2\/pages\/2663\/revisions\/2871"}],"wp:attachment":[{"href":"https:\/\/www.hiba-art.com\/index.php\/wp-json\/wp\/v2\/media?parent=2663"}],"curies":[{"name":"wp","href":"https:\/\/api.w.org\/{rel}","templated":true}]}}