{"id":2797,"date":"2026-03-31T07:43:30","date_gmt":"2026-03-31T07:43:30","guid":{"rendered":"https:\/\/www.hiba-art.com\/?page_id=2797"},"modified":"2026-03-31T07:47:39","modified_gmt":"2026-03-31T07:47:39","slug":"les-cabanes-sur-pilotis","status":"publish","type":"page","link":"https:\/\/www.hiba-art.com\/index.php\/les-cabanes-sur-pilotis\/","title":{"rendered":"LES CABANES SUR PILOTIS"},"content":{"rendered":"<p><strong>Dimensions\u202f:<\/strong> 100 \u00d7 100 cm<\/p><p><br><strong>Style\u202f:<\/strong> Abstraction g\u00e9om\u00e9trique, Hard Edge<\/p><p><br><strong>Description :<\/strong><\/p><p>Une composition minimaliste inspir\u00e9e du bassin d\u2019Arcachon, o\u00f9 des cabanes sur pilotis se d\u00e9tachent dans un paysage \u00e9pur\u00e9.<\/p><p>Entre ciel bleu intense, formes g\u00e9om\u00e9triques et souffle du vent, l\u2019\u0153uvre \u00e9voque le calme, l\u2019espace et la simplicit\u00e9 du littoral.<\/p><div style=\"height:20px\" aria-hidden=\"true\" class=\"wp-block-spacer\"><\/div><figure class=\"wp-block-image size-full\"><img loading=\"lazy\" decoding=\"async\" width=\"2875\" height=\"2875\" src=\"http:\/\/www.hiba-art.com\/wp-content\/uploads\/2026\/03\/1000056435-1.jpg\" alt=\"\" class=\"wp-image-2791\"\/><\/figure>","protected":false},"excerpt":{"rendered":"<p>Dimensions\u202f: 100 \u00d7 100 cm Style\u202f: Abstraction g\u00e9om\u00e9trique, Hard Edge Description : Une composition minimaliste inspir\u00e9e du bassin d\u2019Arcachon, o\u00f9 des cabanes sur pilotis se d\u00e9tachent dans un paysage \u00e9pur\u00e9. Entre ciel bleu intense, formes g\u00e9om\u00e9triques et souffle du vent, l\u2019\u0153uvre \u00e9voque le calme, l\u2019espace et la simplicit\u00e9 du littoral.<\/p>\n","protected":false},"author":1,"featured_media":0,"parent":0,"menu_order":0,"comment_status":"closed","ping_status":"closed","template":"","meta":{"footnotes":""},"class_list":["post-2797","page","type-page","status-publish","hentry"],"_links":{"self":[{"href":"https:\/\/www.hiba-art.com\/index.php\/wp-json\/wp\/v2\/pages\/2797","targetHints":{"allow":["GET"]}}],"collection":[{"href":"https:\/\/www.hiba-art.com\/index.php\/wp-json\/wp\/v2\/pages"}],"about":[{"href":"https:\/\/www.hiba-art.com\/index.php\/wp-json\/wp\/v2\/types\/page"}],"author":[{"embeddable":true,"href":"https:\/\/www.hiba-art.com\/index.php\/wp-json\/wp\/v2\/users\/1"}],"replies":[{"embeddable":true,"href":"https:\/\/www.hiba-art.com\/index.php\/wp-json\/wp\/v2\/comments?post=2797"}],"version-history":[{"count":4,"href":"https:\/\/www.hiba-art.com\/index.php\/wp-json\/wp\/v2\/pages\/2797\/revisions"}],"predecessor-version":[{"id":2804,"href":"https:\/\/www.hiba-art.com\/index.php\/wp-json\/wp\/v2\/pages\/2797\/revisions\/2804"}],"wp:attachment":[{"href":"https:\/\/www.hiba-art.com\/index.php\/wp-json\/wp\/v2\/media?parent=2797"}],"curies":[{"name":"wp","href":"https:\/\/api.w.org\/{rel}","templated":true}]}}